{"id":20,"date":"2025-12-02T14:40:04","date_gmt":"2025-12-02T14:40:04","guid":{"rendered":"https:\/\/nieuw.k-ca.nl\/?page_id=20"},"modified":"2025-12-09T19:02:18","modified_gmt":"2025-12-09T19:02:18","slug":"__trashed","status":"publish","type":"page","link":"https:\/\/k-ca.nl\/?page_id=20","title":{"rendered":"Werkwijze"},"content":{"rendered":"\n<div class=\"wp-block-group alignfull is-layout-flow wp-container-core-group-is-layout-f9cb6abc wp-block-group-is-layout-flow\" style=\"margin-top:0;margin-bottom:0\">\n<div class=\"wp-block-columns alignfull is-not-stacked-on-mobile is-layout-flex wp-container-core-columns-is-layout-ff6406a4 wp-block-columns-is-layout-flex\" style=\"margin-top:0;margin-bottom:0;padding-top:var(--wp--preset--spacing--40);padding-right:var(--wp--preset--spacing--80);padding-bottom:var(--wp--preset--spacing--40);padding-left:var(--wp--preset--spacing--80)\">\n<div class=\"wp-block-column is-layout-flow wp-block-column-is-layout-flow\" style=\"flex-basis:100%\">\n<div class=\"wp-block-group is-vertical is-content-justification-stretch is-layout-flex wp-container-core-group-is-layout-7e003bba wp-block-group-is-layout-flex\">\n<h2 class=\"wp-block-heading has-x-large-font-size\">Werkwijze<\/h2>\n\n\n\n<p class=\"has-medium-font-size\">Mijn werkwijze kenmerkt zich door een eclectische aanpak: ik ben niet gespecialiseerd in \u00e9\u00e9n methode of \u00e9\u00e9n type begeleiding. Vanuit mijn brede ervaring en expertise gaan we op zoek naar de juiste aanpak voor jou, je vraag en je situatie. Ook integreer ik nieuwe mogelijkheden voor de aanpak van stress en burn-out klachten in mijn aanpak. Hierbij volg ik de fascinerende wetenschappelijke ontwikkelingen van de afgelopen jaren die een steeds duidelijker beeld geven van het functioneren van de hersenen en de verbinding tussen lijf en hoofd. Ik maak ook gebruik van tests zoals bijvoorbeeld De Management Drives test.<\/p>\n\n\n\n<h3 class=\"wp-block-heading has-text-color has-link-color wp-elements-0b87ad9af2e61bd3c0fed5dff8da815a\" style=\"color:#c00000\"><strong>Maatwerk<\/strong><\/h3>\n\n\n\n<p class=\"has-medium-font-size\">Vanuit je doel gaan we op zoek naar je sterktes, patronen, systemen, ervaring en kwaliteiten en die gebruiken we om op verder te bouwen.<\/p>\n\n\n\n<p class=\"has-medium-font-size\">Elk traject is maatwerk, zowel in lengte en aanpak als in vorm. Gesprekken en tussentijds contact&nbsp;kunnen zowel&nbsp;online&nbsp;als offline.&nbsp;Zo&nbsp;combineren&nbsp;we online videogesprekken, telefonisch contact, mail en app met live gesprekken lopend in het groen, op het strand of aan tafel met koffie of thee. Zo wordt ieder traject een combinatie van alle mogelijke opties: een uniek blended traject. We zoeken naar een optimale verhouding voor jou.<\/p>\n\n\n\n<p class=\"has-medium-font-size\">Ik doe wat nodig is. Niet meer, niet minder.<\/p>\n\n\n\n<p class=\"has-medium-font-size\">Samen onderzoeken we de verschillende gezichtspunten van waaruit je kunt kijken en van daar uit vinden we jouw hefboom naar verandering.<\/p>\n\n\n\n<h3 class=\"wp-block-heading has-text-color has-link-color has-large-font-size wp-elements-1728fddef7a8fb861b9bcb93018edea1\" style=\"color:#c00000\"><strong>Inzichten vertalen naar andere aanpak<\/strong><\/h3>\n\n\n\n<p class=\"has-medium-font-size\">De gesprekken die we voeren vragen de minste tijd in het traject. Je inzichten vertalen naar een andere aanpak is je echte werk en vraagt de meeste energie en aandacht van je. De perioden tussen de gesprekken zijn daarom cruciaal.<\/p>\n\n\n\n<hr class=\"wp-block-separator has-alpha-channel-opacity\"\/>\n\n\n\n<p class=\"has-text-align-center has-text-color has-link-color has-medium-font-size wp-elements-dc9026f7ba08bbf6509f8e70e6d4a264\" style=\"border-top-width:2px;border-bottom-width:2px;color:#c00000\">&#8220;Leven is het meervoud van lef&#8221;<br><br>\u2014 Loesje<\/p>\n\n\n\n<hr class=\"wp-block-separator has-alpha-channel-opacity\"\/>\n\n\n\n<h3 class=\"wp-block-heading has-text-color has-link-color has-large-font-size wp-elements-1a72d1ebe519e8dca2d4e48c57ac1cf5\" style=\"color:#c00014\"><strong>OPBOUW TRAJECT<\/strong><\/h3>\n\n\n\n<p class=\"has-medium-font-size\">Hoewel elk coachings-, bemiddelings- of ontwikkeltraject uniek is, zijn er bepaalde stappen die ik altijd volg.<\/p>\n\n\n\n<ol class=\"wp-block-list has-medium-font-size\">\n<li>We starten met een <strong>kennismakingsgesprek<\/strong> waarin we op zoek gaan naar je vraag en waarin we je doelen en het resultaat dat je zou willen bereiken verkennen.<\/li>\n\n\n\n<li>Op basis van dit gesprek maak ik een <strong>voorstel<\/strong> voor het traject. Dat bespreken we samen en met de opdrachtgever\/leidinggevende. Tussentijds evalueren we steeds, waardoor we kunnen bijsturen als dat nodig is. In een coachingtraject met een leidinggevende als opdrachtgever, heeft deze een belangrijke rol in het geven van feedback en ondersteuning.<\/li>\n\n\n\n<li>Aan het einde van het proces <strong>evalueren<\/strong> we eerst samen en daarna volgt een evaluatie met de opdrachtgever. Tijdens die evaluatie geef jij een terugkoppeling aan de opdrachtgever. Zo leggen we de opbrengsten van het traject vast en maken we afspraken over wat nog nodig is om voor het komende half jaar je ontwikkeling te verankeren.<\/li>\n\n\n\n<li>In dat half jaar voeren we nog <strong>2 gesprekken<\/strong> en hebben we daarnaast contact via mail, telefoon of Skype.<\/li>\n\n\n\n<li>Daarna sluiten we het traject af met een <strong>eindevaluatie<\/strong> om samen vast te stellen wat het traject je heeft opgeleverd, hoe de resultaten zijn verankerd en wat je als deelnemer en opdrachtgever daarover afspreekt voor de toekomst.<\/li>\n<\/ol>\n\n\n\n<p class=\"has-medium-font-size\">De gesprekken, behalve de evaluatiegesprekken, voeren we desgewenst lopend in het groen van de Alkmaarse Hout of het Heiloo\u00ebr bos en ook het strand is dichtbij.<\/p>\n<\/div>\n<\/div>\n<\/div>\n<\/div>\n","protected":false},"excerpt":{"rendered":"<p>Werkwijze Mijn werkwijze kenmerkt zich door een eclectische aanpak: ik ben niet gespecialiseerd in \u00e9\u00e9n methode of \u00e9\u00e9n type begeleiding. Vanuit mijn brede ervaring en expertise gaan we op zoek naar de juiste aanpak voor jou, je vraag en je situatie. Ook integreer ik nieuwe mogelijkheden voor de aanpak van stress en burn-out klachten in [&hellip;]<\/p>\n","protected":false},"author":1,"featured_media":0,"parent":0,"menu_order":2,"comment_status":"closed","ping_status":"closed","template":"","meta":{"footnotes":""},"class_list":["post-20","page","type-page","status-publish","hentry"],"_links":{"self":[{"href":"https:\/\/k-ca.nl\/index.php?rest_route=\/wp\/v2\/pages\/20","targetHints":{"allow":["GET"]}}],"collection":[{"href":"https:\/\/k-ca.nl\/index.php?rest_route=\/wp\/v2\/pages"}],"about":[{"href":"https:\/\/k-ca.nl\/index.php?rest_route=\/wp\/v2\/types\/page"}],"author":[{"embeddable":true,"href":"https:\/\/k-ca.nl\/index.php?rest_route=\/wp\/v2\/users\/1"}],"replies":[{"embeddable":true,"href":"https:\/\/k-ca.nl\/index.php?rest_route=%2Fwp%2Fv2%2Fcomments&post=20"}],"version-history":[{"count":9,"href":"https:\/\/k-ca.nl\/index.php?rest_route=\/wp\/v2\/pages\/20\/revisions"}],"predecessor-version":[{"id":307,"href":"https:\/\/k-ca.nl\/index.php?rest_route=\/wp\/v2\/pages\/20\/revisions\/307"}],"wp:attachment":[{"href":"https:\/\/k-ca.nl\/index.php?rest_route=%2Fwp%2Fv2%2Fmedia&parent=20"}],"curies":[{"name":"wp","href":"https:\/\/api.w.org\/{rel}","templated":true}]}}